{"id":746,"date":"2021-12-05T22:06:08","date_gmt":"2021-12-05T21:06:08","guid":{"rendered":"https:\/\/www.ev-brg-schloss-wagrain.at\/wp\/?page_id=746"},"modified":"2023-01-24T19:00:36","modified_gmt":"2023-01-24T18:00:36","slug":"impressum","status":"publish","type":"page","link":"https:\/\/www.ev-brg-schloss-wagrain.at\/a\/impressum\/","title":{"rendered":"Impressum"},"content":{"rendered":"\n<p>Gemeinn\u00fctziger Elternverein Bundesrealgymnasium Schloss Wagrain<br><br><i class=\"fas fa-globe\"><\/i> <a href=\"http:\/\/www.ev-brg-schloss-wagrain.at\">www.ev\u2013brg\u2013schloss\u2013wagrain.at<\/a><br><i class=\"fas fa-envelope\"><\/i> <a href=\"mailto:ev.brgvb@outlook.com\">ev.brgvb@outlook.com<\/a><br><br><\/p>\n\n\n\n<figure class=\"wp-block-table\"><table><tbody><tr><td> Vorsitzende: &nbsp; <\/td><td> Mag. phil. Gioia Schmid-Schmidsfelden <\/td><\/tr><tr><td> Zustellanschrift: <\/td><td> 4840 V\u00f6cklabruck, Schlossstra\u00dfe 31 <\/td><\/tr><tr><td> Zust\u00e4ndigkeit: <\/td><td> Bezirkshauptmannschaft V\u00f6cklabruck <\/td><\/tr><tr><td> ZVR-Zahl: <\/td><td> 778093508 <\/td><\/tr><\/tbody><\/table><\/figure>\n\n\n\n<p>Haftungsausschluss \u2014 Verweise und Links:<br><br>Links auf fremde Seiten stellen nur Wegweiser zu diesen Seiten dar und werden in einem eigenen Browserfenster ge\u00f6ffnet. Der Autor erkl\u00e4rt ausdr\u00fccklich, dass er keinerlei Einfluss auf die aktuelle und zuk\u00fcnftige Gestaltung der gelinkten Seiten hat. F\u00fcr illegale, fehlerhafte oder unvollst\u00e4ndige Inhalte haftet allein der Anbieter der Seite, auf welche verwiesen wurde. Es wird zudem keinerlei Haftung f\u00fcr Sch\u00e4den durch download von auf fremden Seiten enthaltenen Dateien \u00fcbernommen.<br><br>Links auf die Homepage sind erw\u00fcnscht. Verlinkung von Sub\u2013Seiten nur mit ausdr\u00fccklichen Genehmigung des Autors.<br><br>Alle Rechte vorbehalten.<\/p>\n","protected":false},"excerpt":{"rendered":"<p>Gemeinn\u00fctziger Elternverein Bundesrealgymnasium Schloss Wagrain www.ev\u2013brg\u2013schloss\u2013wagrain.at ev.brgvb@outlook.com Vorsitzende: &nbsp; Mag. phil. Gioia Schmid-Schmidsfelden Zustellanschrift: 4840 V\u00f6cklabruck, Schlossstra\u00dfe 31 Zust\u00e4ndigkeit: Bezirkshauptmannschaft V\u00f6cklabruck ZVR-Zahl: 778093508 Haftungsausschluss \u2014 Verweise und Links: Links auf fremde Seiten stellen nur Wegweiser zu diesen Seiten dar und werden in einem eigenen Browserfenster ge\u00f6ffnet. Der Autor erkl\u00e4rt ausdr\u00fccklich, dass er keinerlei Einfluss auf [&hellip;]<\/p>\n","protected":false},"author":2,"featured_media":0,"parent":0,"menu_order":0,"comment_status":"closed","ping_status":"closed","template":"","meta":{"footnotes":""},"class_list":["post-746","page","type-page","status-publish","hentry"],"blocksy_meta":{"styles_descriptor":{"styles":{"desktop":"","tablet":"","mobile":""},"google_fonts":[],"version":6}},"_links":{"self":[{"href":"https:\/\/www.ev-brg-schloss-wagrain.at\/a\/wp-json\/wp\/v2\/pages\/746","targetHints":{"allow":["GET"]}}],"collection":[{"href":"https:\/\/www.ev-brg-schloss-wagrain.at\/a\/wp-json\/wp\/v2\/pages"}],"about":[{"href":"https:\/\/www.ev-brg-schloss-wagrain.at\/a\/wp-json\/wp\/v2\/types\/page"}],"author":[{"embeddable":true,"href":"https:\/\/www.ev-brg-schloss-wagrain.at\/a\/wp-json\/wp\/v2\/users\/2"}],"replies":[{"embeddable":true,"href":"https:\/\/www.ev-brg-schloss-wagrain.at\/a\/wp-json\/wp\/v2\/comments?post=746"}],"version-history":[{"count":6,"href":"https:\/\/www.ev-brg-schloss-wagrain.at\/a\/wp-json\/wp\/v2\/pages\/746\/revisions"}],"predecessor-version":[{"id":1179,"href":"https:\/\/www.ev-brg-schloss-wagrain.at\/a\/wp-json\/wp\/v2\/pages\/746\/revisions\/1179"}],"wp:attachment":[{"href":"https:\/\/www.ev-brg-schloss-wagrain.at\/a\/wp-json\/wp\/v2\/media?parent=746"}],"curies":[{"name":"wp","href":"https:\/\/api.w.org\/{rel}","templated":true}]}}