{"id":814,"date":"2021-12-12T11:54:23","date_gmt":"2021-12-12T10:54:23","guid":{"rendered":"https:\/\/www.ev-brg-schloss-wagrain.at\/wp\/?page_id=814"},"modified":"2024-01-31T07:54:16","modified_gmt":"2024-01-31T06:54:16","slug":"downloads-fuer-eltern-schuelerinnen-und-schueler","status":"publish","type":"page","link":"https:\/\/www.ev-brg-schloss-wagrain.at\/a\/downloads-fuer-eltern-schuelerinnen-und-schueler\/","title":{"rendered":"Downloads f\u00fcr Eltern, Sch\u00fclerinnen und Sch\u00fcler"},"content":{"rendered":"\n<p>Nachfolgend finden Sie n\u00fctzliche Dokumente und Formulare \u2014 von den Vereinsstatuten bis hin zum Antragsformular auf finanzielle Unterst\u00fctzung, u.a.m.<\/p>\n\n\n\n<ul class=\"wp-block-list\">\n<li><a href=\"https:\/\/www.ev-brg-schloss-wagrain.at\/a\/wp-content\/uploads\/2021\/12\/Vereinsstatuten_EV_BRG_Schloss_Wagrain.pdf\" data-type=\"attachment\" data-id=\"815\" target=\"_blank\" rel=\"noreferrer noopener\">Statuten des EV BRG Schloss Wagrain<\/a><\/li>\n\n\n\n<li><a href=\"https:\/\/www.ev-brg-schloss-wagrain.at\/a\/wp-content\/uploads\/2021\/12\/Einstiegspaket_Elternvertreter_V2009.pdf\" data-type=\"attachment\" data-id=\"816\" target=\"_blank\" rel=\"noreferrer noopener\">Einstiegspaket f\u00fcr Elternvertreter<\/a><\/li>\n<\/ul>\n\n\n\n<p>Ansuchen an den Elternverein um finanzielle Unterst\u00fctzung f\u00fcr einzelne Sch\u00fclerinnen und Sch\u00fcler oder Gruppen bei Schulveranstaltungen oder anderen schulrelevanten Anliegen.<\/p>\n\n\n\n<ul class=\"wp-block-list\">\n<li><a href=\"https:\/\/www.ev-brg-schloss-wagrain.at\/a\/wp-content\/uploads\/2021\/12\/Antragsformular_EV_EB.pdf\" data-type=\"attachment\" data-id=\"817\" target=\"_blank\" rel=\"noreferrer noopener\">Antragsformular f\u00fcr Erziehungsberechtigte Personen<\/a><\/li>\n\n\n\n<li><a href=\"https:\/\/www.ev-brg-schloss-wagrain.at\/a\/wp-content\/uploads\/2021\/12\/Antragsformular_EV_LK.pdf\" data-type=\"attachment\" data-id=\"818\" target=\"_blank\" rel=\"noreferrer noopener\">Antragsformular f\u00fcr Lehrkr\u00e4fte<\/a> (<a href=\"https:\/\/www.ev-brg-schloss-wagrain.at\/a\/wp-content\/uploads\/2024\/01\/Infoblatt-Antragsformular-fuer-Lehrkraefte.pdf\" data-type=\"attachment\" data-id=\"1223\">Infoblatt<\/a>)<\/li>\n<\/ul>\n\n\n\n<p>Verordnung des Bundesministeriums f\u00fcr Unterricht und Kunst \u00fcber die Leistungsbeurteilung in Pflichtschulen sowie mittleren und h\u00f6heren Schulen (Leistungsbeurteilungsverordnung) in der jeweils g\u00fcltigen Fassung.<\/p>\n\n\n\n<ul class=\"wp-block-list\">\n<li><a href=\"https:\/\/www.ev-brg-schloss-wagrain.at\/a\/wp-content\/uploads\/2021\/12\/Leistungsbeurteilungsverordnung.pdf\" data-type=\"attachment\" data-id=\"821\" target=\"_blank\" rel=\"noreferrer noopener\">Leistungsbeurteilungsverordnung gem\u00e4\u00df SchUG<\/a><\/li>\n<\/ul>\n\n\n\n<p>Mobbing-Pr\u00e4vention<\/p>\n\n\n\n<ul class=\"wp-block-list\">\n<li><a href=\"https:\/\/www.ev-brg-schloss-wagrain.at\/a\/wp-content\/uploads\/2021\/12\/Folder_Miteinander_statt_gegeneinander.pdf\" data-type=\"attachment\" data-id=\"919\" target=\"_blank\" rel=\"noreferrer noopener\">Folder Miteinander statt gegeneinander<\/a><\/li>\n<\/ul>\n\n\n\n<p><\/p>\n","protected":false},"excerpt":{"rendered":"<p>Nachfolgend finden Sie n\u00fctzliche Dokumente und Formulare \u2014 von den Vereinsstatuten bis hin zum Antragsformular auf finanzielle Unterst\u00fctzung, u.a.m. Ansuchen an den Elternverein um finanzielle Unterst\u00fctzung f\u00fcr einzelne Sch\u00fclerinnen und Sch\u00fcler oder Gruppen bei Schulveranstaltungen oder anderen schulrelevanten Anliegen. Verordnung des Bundesministeriums f\u00fcr Unterricht und Kunst \u00fcber die Leistungsbeurteilung in Pflichtschulen sowie mittleren und h\u00f6heren [&hellip;]<\/p>\n","protected":false},"author":2,"featured_media":0,"parent":0,"menu_order":0,"comment_status":"closed","ping_status":"closed","template":"","meta":{"footnotes":""},"class_list":["post-814","page","type-page","status-publish","hentry"],"blocksy_meta":{"styles_descriptor":{"styles":{"desktop":"","tablet":"","mobile":""},"google_fonts":[],"version":6}},"_links":{"self":[{"href":"https:\/\/www.ev-brg-schloss-wagrain.at\/a\/wp-json\/wp\/v2\/pages\/814","targetHints":{"allow":["GET"]}}],"collection":[{"href":"https:\/\/www.ev-brg-schloss-wagrain.at\/a\/wp-json\/wp\/v2\/pages"}],"about":[{"href":"https:\/\/www.ev-brg-schloss-wagrain.at\/a\/wp-json\/wp\/v2\/types\/page"}],"author":[{"embeddable":true,"href":"https:\/\/www.ev-brg-schloss-wagrain.at\/a\/wp-json\/wp\/v2\/users\/2"}],"replies":[{"embeddable":true,"href":"https:\/\/www.ev-brg-schloss-wagrain.at\/a\/wp-json\/wp\/v2\/comments?post=814"}],"version-history":[{"count":5,"href":"https:\/\/www.ev-brg-schloss-wagrain.at\/a\/wp-json\/wp\/v2\/pages\/814\/revisions"}],"predecessor-version":[{"id":1225,"href":"https:\/\/www.ev-brg-schloss-wagrain.at\/a\/wp-json\/wp\/v2\/pages\/814\/revisions\/1225"}],"wp:attachment":[{"href":"https:\/\/www.ev-brg-schloss-wagrain.at\/a\/wp-json\/wp\/v2\/media?parent=814"}],"curies":[{"name":"wp","href":"https:\/\/api.w.org\/{rel}","templated":true}]}}